{"id":36,"date":"2021-06-11T07:49:12","date_gmt":"2021-06-11T05:49:12","guid":{"rendered":"http:\/\/agriturismovinile.it\/menu\/"},"modified":"2022-09-28T15:15:32","modified_gmt":"2022-09-28T13:15:32","slug":"menu","status":"publish","type":"page","link":"https:\/\/agriturismovinile.it\/en\/menu\/","title":{"rendered":"Our menu"},"content":{"rendered":"<p>[vc_row css_animation=&#8221;&#8221; row_type=&#8221;row&#8221; use_row_as_full_screen_section=&#8221;no&#8221; type=&#8221;full_width&#8221; angled_section=&#8221;no&#8221; text_align=&#8221;left&#8221; background_image_as_pattern=&#8221;without_pattern&#8221; el_class=&#8221;with_padding&#8221; z_index=&#8221;&#8221;][vc_column][vc_column_text]<\/p>\n<h2 style=\"text-align: center;\">A musical score written by Vinile<\/h2>\n<h3 class=\"p1\" style=\"text-align: center;\"><strong>An ode to seasonal produce, which always changes based on what the land has to offer.<\/strong><\/h3>\n<p>[\/vc_column_text][\/vc_column][\/vc_row][vc_row css_animation=&#8221;&#8221; row_type=&#8221;row&#8221; use_row_as_full_screen_section=&#8221;no&#8221; type=&#8221;grid&#8221; angled_section=&#8221;no&#8221; text_align=&#8221;left&#8221; background_image_as_pattern=&#8221;without_pattern&#8221; z_index=&#8221;&#8221;][vc_column][vc_column_text]<\/p>\n<p class=\"p1\">The menu offered by Agriturismo Vinile is focused on Veneto land: our top-notch products and dishes are revisited with <b>passion<\/b> and <b>elegance<\/b> and given a fresh <b>creative<\/b> twist.<span class=\"Apple-converted-space\">\u00a0<\/span><\/p>\n<p class=\"p1\">Our dishes are made of <b>seasonal ingredients<\/b> base on what our organic vegetable garden and the local <b>farming companies<\/b> have to offer.<span class=\"Apple-converted-space\">\u00a0<\/span><\/p>\n<p class=\"p1\">Good <b>flavour<\/b>, <b>authenticity<\/b>, and <b>simplicity<\/b> stand out in the ingredients we use for our dishes, which are served with the attention to details we are known for.<span class=\"Apple-converted-space\">\u00a0<\/span><\/p>\n<p>[\/vc_column_text][\/vc_column][\/vc_row][vc_row css_animation=&#8221;&#8221; row_type=&#8221;row&#8221; use_row_as_full_screen_section=&#8221;no&#8221; type=&#8221;full_width&#8221; angled_section=&#8221;no&#8221; text_align=&#8221;left&#8221; background_image_as_pattern=&#8221;without_pattern&#8221; el_class=&#8221;no-padding no-margin&#8221; z_index=&#8221;&#8221;][vc_column offset=&#8221;vc_col-lg-6 vc_col-md-6 vc_col-xs-12&#8243;]<div class=\"qode-restaurant-menu-list\" ><div class=\"qode-restaurant-menu-list-holder-title-holder\"><h4 class=\"qode-restaurant-menu-list-holder-title\">Appetisers<\/h4><h6 class=\"qode-restaurant-menu-list-holder-label\"><span><\/span><\/h6><\/div><ul class=\"qode-rml-holder\"><li class=\"qode-rml-item clearfix\">\n\t\t<div class=\"qode-rml-item-content\">\n\t\t<div class=\"qode-rml-top-holder\">\n\t\t\t<div class=\"qode-rml-title-holder\">\n\t\t\t\t<h5 class=\"qode-rml-title\">\n\t\t\t\t\tUovo poch\u00e9, vellutata di fave, cicorietta ripassata e granella di pecorino verde\t\t\t\t<\/h5>\n\t\t\t<\/div>\n\t\t\t<div class=\"qode-rml-line\"><\/div>\n\n\t\t\t\t\t\t\t<div class=\"qode-rml-price-holder\">\n\t\t\t\t\t<h5 class=\"qode-rml-price\">14<\/h5>\n\t\t\t\t<\/div>\n\n\t\t\t\t\t<\/div>\n\t\t<div class=\"qode-rml-bottom-holder clearfix\">\n\t\t\t\n\t\t\t\t\t<\/div>\n\t<\/div>\n\n<\/li><li class=\"qode-rml-item clearfix\">\n\t\t<div class=\"qode-rml-item-content\">\n\t\t<div class=\"qode-rml-top-holder\">\n\t\t\t<div class=\"qode-rml-title-holder\">\n\t\t\t\t<h5 class=\"qode-rml-title\">\n\t\t\t\t\tTaglieri con i nostri salumi, formaggi, confettura e radicchio in saor\t\t\t\t<\/h5>\n\t\t\t<\/div>\n\t\t\t<div class=\"qode-rml-line\"><\/div>\n\n\t\t\t\t\t\t\t<div class=\"qode-rml-price-holder\">\n\t\t\t\t\t<h5 class=\"qode-rml-price\">12<\/h5>\n\t\t\t\t<\/div>\n\n\t\t\t\t\t<\/div>\n\t\t<div class=\"qode-rml-bottom-holder clearfix\">\n\t\t\t\n\t\t\t\t\t<\/div>\n\t<\/div>\n\n<\/li><\/ul><\/div>[\/vc_column][vc_column offset=&#8221;vc_col-lg-6 vc_col-md-6 vc_col-xs-12&#8243;][vc_single_image image=&#8221;752&#8243; img_size=&#8221;img1200x1200&#8243; qode_css_animation=&#8221;&#8221;][\/vc_column][\/vc_row][vc_row css_animation=&#8221;&#8221; row_type=&#8221;row&#8221; use_row_as_full_screen_section=&#8221;no&#8221; type=&#8221;full_width&#8221; angled_section=&#8221;no&#8221; text_align=&#8221;left&#8221; background_image_as_pattern=&#8221;without_pattern&#8221; el_class=&#8221;no-padding no-margin&#8221; z_index=&#8221;&#8221;][vc_column offset=&#8221;vc_col-lg-6 vc_col-md-6 vc_col-xs-12&#8243;]<div class=\"qode-restaurant-menu-list\" ><div class=\"qode-restaurant-menu-list-holder-title-holder\"><h4 class=\"qode-restaurant-menu-list-holder-title\">First courses<\/h4><h6 class=\"qode-restaurant-menu-list-holder-label\"><span><\/span><\/h6><\/div><ul class=\"qode-rml-holder\"><li class=\"qode-rml-item clearfix\">\n\t\t<div class=\"qode-rml-item-content\">\n\t\t<div class=\"qode-rml-top-holder\">\n\t\t\t<div class=\"qode-rml-title-holder\">\n\t\t\t\t<h5 class=\"qode-rml-title\">\n\t\t\t\t\tRisotto Carnaroli &#8220;La Fagiana&#8221;, radicchio tardivo di Treviso, salsiccia e crema di casatella trevigiana\t\t\t\t<\/h5>\n\t\t\t<\/div>\n\t\t\t<div class=\"qode-rml-line\"><\/div>\n\n\t\t\t\t\t\t\t<div class=\"qode-rml-price-holder\">\n\t\t\t\t\t<h5 class=\"qode-rml-price\">14<\/h5>\n\t\t\t\t<\/div>\n\n\t\t\t\t\t<\/div>\n\t\t<div class=\"qode-rml-bottom-holder clearfix\">\n\t\t\t\t\t\t<h6 class=\"qode-rml-description-holder\">\n\t\t\t\t(min. 2 persone)\t\t\t<\/h6>\n\t\t\t\n\t\t\t\t\t<\/div>\n\t<\/div>\n\n<\/li><li class=\"qode-rml-item clearfix\">\n\t\t<div class=\"qode-rml-item-content\">\n\t\t<div class=\"qode-rml-top-holder\">\n\t\t\t<div class=\"qode-rml-title-holder\">\n\t\t\t\t<h5 class=\"qode-rml-title\">\n\t\t\t\t\tGnocchi fatti in casa, vellutata di cardi, fonduta di Parmigiano e granella di noci\t\t\t\t<\/h5>\n\t\t\t<\/div>\n\t\t\t<div class=\"qode-rml-line\"><\/div>\n\n\t\t\t\t\t\t\t<div class=\"qode-rml-price-holder\">\n\t\t\t\t\t<h5 class=\"qode-rml-price\">14<\/h5>\n\t\t\t\t<\/div>\n\n\t\t\t\t\t<\/div>\n\t\t<div class=\"qode-rml-bottom-holder clearfix\">\n\t\t\t\n\t\t\t\t\t<\/div>\n\t<\/div>\n\n<\/li><li class=\"qode-rml-item clearfix\">\n\t\t<div class=\"qode-rml-item-content\">\n\t\t<div class=\"qode-rml-top-holder\">\n\t\t\t<div class=\"qode-rml-title-holder\">\n\t\t\t\t<h5 class=\"qode-rml-title\">\n\t\t\t\t\tRuote, stracotto di asino e grana di pecora\t\t\t\t<\/h5>\n\t\t\t<\/div>\n\t\t\t<div class=\"qode-rml-line\"><\/div>\n\n\t\t\t\t\t\t\t<div class=\"qode-rml-price-holder\">\n\t\t\t\t\t<h5 class=\"qode-rml-price\">15<\/h5>\n\t\t\t\t<\/div>\n\n\t\t\t\t\t<\/div>\n\t\t<div class=\"qode-rml-bottom-holder clearfix\">\n\t\t\t\n\t\t\t\t\t<\/div>\n\t<\/div>\n\n<\/li><\/ul><\/div>[\/vc_column][vc_column offset=&#8221;vc_col-lg-6 vc_col-md-6 vc_col-xs-12&#8243;][vc_single_image image=&#8221;756&#8243; img_size=&#8221;img1200x1200&#8243; alignment=&#8221;right&#8221; qode_css_animation=&#8221;&#8221;][\/vc_column][\/vc_row][vc_row css_animation=&#8221;&#8221; row_type=&#8221;row&#8221; use_row_as_full_screen_section=&#8221;no&#8221; type=&#8221;full_width&#8221; angled_section=&#8221;no&#8221; text_align=&#8221;left&#8221; background_image_as_pattern=&#8221;without_pattern&#8221; el_class=&#8221;no-padding no-margin&#8221; z_index=&#8221;&#8221;][vc_column offset=&#8221;vc_col-lg-6 vc_col-md-6 vc_col-xs-12&#8243;]<div class=\"qode-restaurant-menu-list\" ><div class=\"qode-restaurant-menu-list-holder-title-holder\"><h4 class=\"qode-restaurant-menu-list-holder-title\">Second courses<\/h4><h6 class=\"qode-restaurant-menu-list-holder-label\"><span><\/span><\/h6><\/div><ul class=\"qode-rml-holder\"><li class=\"qode-rml-item clearfix\">\n\t\t<div class=\"qode-rml-item-content\">\n\t\t<div class=\"qode-rml-top-holder\">\n\t\t\t<div class=\"qode-rml-title-holder\">\n\t\t\t\t<h5 class=\"qode-rml-title\">\n\t\t\t\t\tCosciotto d&#8217;anatra confit cotto a bassa temperatura, la sua salsa e spicchi di patate al rosmarino\t\t\t\t<\/h5>\n\t\t\t<\/div>\n\t\t\t<div class=\"qode-rml-line\"><\/div>\n\n\t\t\t\t\t\t\t<div class=\"qode-rml-price-holder\">\n\t\t\t\t\t<h5 class=\"qode-rml-price\">26<\/h5>\n\t\t\t\t<\/div>\n\n\t\t\t\t\t<\/div>\n\t\t<div class=\"qode-rml-bottom-holder clearfix\">\n\t\t\t\n\t\t\t\t\t<\/div>\n\t<\/div>\n\n<\/li><li class=\"qode-rml-item clearfix\">\n\t\t<div class=\"qode-rml-item-content\">\n\t\t<div class=\"qode-rml-top-holder\">\n\t\t\t<div class=\"qode-rml-title-holder\">\n\t\t\t\t<h5 class=\"qode-rml-title\">\n\t\t\t\t\tGuancia di manzo brasata al Cabernet e sformatino di verdure di campo\t\t\t\t<\/h5>\n\t\t\t<\/div>\n\t\t\t<div class=\"qode-rml-line\"><\/div>\n\n\t\t\t\t\t\t\t<div class=\"qode-rml-price-holder\">\n\t\t\t\t\t<h5 class=\"qode-rml-price\">25<\/h5>\n\t\t\t\t<\/div>\n\n\t\t\t\t\t<\/div>\n\t\t<div class=\"qode-rml-bottom-holder clearfix\">\n\t\t\t\n\t\t\t\t\t<\/div>\n\t<\/div>\n\n<\/li><li class=\"qode-rml-item clearfix\">\n\t\t<div class=\"qode-rml-item-content\">\n\t\t<div class=\"qode-rml-top-holder\">\n\t\t\t<div class=\"qode-rml-title-holder\">\n\t\t\t\t<h5 class=\"qode-rml-title\">\n\t\t\t\t\tVellutata di sedano rapa, fiori di zucca in tempura e porro croccante\t\t\t\t<\/h5>\n\t\t\t<\/div>\n\t\t\t<div class=\"qode-rml-line\"><\/div>\n\n\t\t\t\t\t\t\t<div class=\"qode-rml-price-holder\">\n\t\t\t\t\t<h5 class=\"qode-rml-price\">15<\/h5>\n\t\t\t\t<\/div>\n\n\t\t\t\t\t<\/div>\n\t\t<div class=\"qode-rml-bottom-holder clearfix\">\n\t\t\t\n\t\t\t\t\t<\/div>\n\t<\/div>\n\n<\/li><\/ul><\/div>[\/vc_column][vc_column offset=&#8221;vc_col-lg-6 vc_col-md-6 vc_col-xs-12&#8243;][vc_single_image image=&#8221;758&#8243; img_size=&#8221;img1200x1200&#8243; qode_css_animation=&#8221;&#8221;][\/vc_column][\/vc_row][vc_row css_animation=&#8221;&#8221; row_type=&#8221;row&#8221; use_row_as_full_screen_section=&#8221;no&#8221; type=&#8221;full_width&#8221; angled_section=&#8221;no&#8221; text_align=&#8221;left&#8221; background_image_as_pattern=&#8221;without_pattern&#8221; el_class=&#8221;no-padding no-margin&#8221; z_index=&#8221;&#8221;][vc_column offset=&#8221;vc_col-lg-6 vc_col-md-6 vc_col-xs-12&#8243;]<div class=\"qode-restaurant-menu-list\" ><div class=\"qode-restaurant-menu-list-holder-title-holder\"><h4 class=\"qode-restaurant-menu-list-holder-title\">Desserts<\/h4><h6 class=\"qode-restaurant-menu-list-holder-label\"><span><\/span><\/h6><\/div><ul class=\"qode-rml-holder\"><li class=\"qode-rml-item clearfix\">\n\t\t<div class=\"qode-rml-item-content\">\n\t\t<div class=\"qode-rml-top-holder\">\n\t\t\t<div class=\"qode-rml-title-holder\">\n\t\t\t\t<h5 class=\"qode-rml-title\">\n\t\t\t\t\tIl tiramis\u00f9 del &#8220;Vinile&#8221;\t\t\t\t<\/h5>\n\t\t\t<\/div>\n\t\t\t<div class=\"qode-rml-line\"><\/div>\n\n\t\t\t\t\t\t\t<div class=\"qode-rml-price-holder\">\n\t\t\t\t\t<h5 class=\"qode-rml-price\">7<\/h5>\n\t\t\t\t<\/div>\n\n\t\t\t\t\t<\/div>\n\t\t<div class=\"qode-rml-bottom-holder clearfix\">\n\t\t\t\n\t\t\t\t\t<\/div>\n\t<\/div>\n\n<\/li><li class=\"qode-rml-item clearfix\">\n\t\t<div class=\"qode-rml-item-content\">\n\t\t<div class=\"qode-rml-top-holder\">\n\t\t\t<div class=\"qode-rml-title-holder\">\n\t\t\t\t<h5 class=\"qode-rml-title\">\n\t\t\t\t\tCr\u00e8me br\u00fbl\u00e9e\t\t\t\t<\/h5>\n\t\t\t<\/div>\n\t\t\t<div class=\"qode-rml-line\"><\/div>\n\n\t\t\t\t\t\t\t<div class=\"qode-rml-price-holder\">\n\t\t\t\t\t<h5 class=\"qode-rml-price\">7<\/h5>\n\t\t\t\t<\/div>\n\n\t\t\t\t\t<\/div>\n\t\t<div class=\"qode-rml-bottom-holder clearfix\">\n\t\t\t\n\t\t\t\t\t<\/div>\n\t<\/div>\n\n<\/li><li class=\"qode-rml-item clearfix\">\n\t\t<div class=\"qode-rml-item-content\">\n\t\t<div class=\"qode-rml-top-holder\">\n\t\t\t<div class=\"qode-rml-title-holder\">\n\t\t\t\t<h5 class=\"qode-rml-title\">\n\t\t\t\t\tBreton sabl\u00e9, cremoso alla gianduia, gocce di lamponi e riccioli di cioccolato\t\t\t\t<\/h5>\n\t\t\t<\/div>\n\t\t\t<div class=\"qode-rml-line\"><\/div>\n\n\t\t\t\t\t\t\t<div class=\"qode-rml-price-holder\">\n\t\t\t\t\t<h5 class=\"qode-rml-price\">8<\/h5>\n\t\t\t\t<\/div>\n\n\t\t\t\t\t<\/div>\n\t\t<div class=\"qode-rml-bottom-holder clearfix\">\n\t\t\t\n\t\t\t\t\t<\/div>\n\t<\/div>\n\n<\/li><li class=\"qode-rml-item clearfix\">\n\t\t<div class=\"qode-rml-item-content\">\n\t\t<div class=\"qode-rml-top-holder\">\n\t\t\t<div class=\"qode-rml-title-holder\">\n\t\t\t\t<h5 class=\"qode-rml-title\">\n\t\t\t\t\tTARTELLETTE, CREMA CHIBOUST E FRAGOLE\t\t\t\t<\/h5>\n\t\t\t<\/div>\n\t\t\t<div class=\"qode-rml-line\"><\/div>\n\n\t\t\t\t\t\t\t<div class=\"qode-rml-price-holder\">\n\t\t\t\t\t<h5 class=\"qode-rml-price\">6<\/h5>\n\t\t\t\t<\/div>\n\n\t\t\t\t\t<\/div>\n\t\t<div class=\"qode-rml-bottom-holder clearfix\">\n\t\t\t\n\t\t\t\t\t<\/div>\n\t<\/div>\n\n<\/li><\/ul><\/div>[\/vc_column][vc_column offset=&#8221;vc_col-lg-6 vc_col-md-6 vc_col-xs-12&#8243;][vc_single_image image=&#8221;754&#8243; img_size=&#8221;img1200x1200&#8243; alignment=&#8221;right&#8221; qode_css_animation=&#8221;&#8221;][\/vc_column][\/vc_row][vc_row css_animation=&#8221;&#8221; row_type=&#8221;row&#8221; use_row_as_full_screen_section=&#8221;no&#8221; type=&#8221;full_width&#8221; angled_section=&#8221;no&#8221; text_align=&#8221;left&#8221; background_image_as_pattern=&#8221;without_pattern&#8221; el_class=&#8221;no-padding no-margin&#8221; z_index=&#8221;&#8221;][vc_column offset=&#8221;vc_col-lg-6 vc_col-md-6 vc_col-xs-12&#8243;][vc_column_text css=&#8221;.vc_custom_1664291831046{padding-top: 90px !important;padding-right: 30px !important;padding-left: 90px !important;}&#8221;]<strong>Degustazione<\/strong><\/p>\n<p><strong>Le quattro sinfonie d&#8217;autunno<\/strong><br \/>\nQuattro portate per accompagnarvi in un percorso tra sostenibilit\u00e0 e territorio, estremamente stagionale e che valorizzi in modo responsabile quello che la natura ci offre.<\/p>\n<p>50 \u20ac<br \/>\nacqua e caff\u00e8 inclusi<\/p>\n<p>Il percorso di degustazione si intende per tutto il tavolo[\/vc_column_text][\/vc_column][vc_column offset=&#8221;vc_col-lg-6 vc_col-md-6 vc_col-xs-12&#8243;][vc_single_image image=&#8221;1195&#8243; img_size=&#8221;img1200x1200&#8243; qode_css_animation=&#8221;&#8221;][\/vc_column][\/vc_row]<\/p>\n","protected":false},"excerpt":{"rendered":"<p>[vc_row css_animation=&#8221;&#8221; row_type=&#8221;row&#8221; use_row_as_full_screen_section=&#8221;no&#8221; type=&#8221;full_width&#8221; angled_section=&#8221;no&#8221; text_align=&#8221;left&#8221; background_image_as_pattern=&#8221;without_pattern&#8221; el_class=&#8221;with_padding&#8221; z_index=&#8221;&#8221;][vc_column][vc_column_text] A musical score written by Vinile An ode to seasonal produce, which always changes based on what the land has to offer. [\/vc_column_text][\/vc_column][\/vc_row][vc_row css_animation=&#8221;&#8221; row_type=&#8221;row&#8221; use_row_as_full_screen_section=&#8221;no&#8221; type=&#8221;grid&#8221; angled_section=&#8221;no&#8221; text_align=&#8221;left&#8221; background_image_as_pattern=&#8221;without_pattern&#8221; z_index=&#8221;&#8221;][vc_column][vc_column_text] The menu offered by&#8230;<\/p>\n","protected":false},"author":1,"featured_media":768,"parent":0,"menu_order":0,"comment_status":"closed","ping_status":"open","template":"full_width.php","meta":[],"yoast_head":"<!-- This site is optimized with the Yoast SEO plugin v16.4 - https:\/\/yoast.com\/wordpress\/plugins\/seo\/ -->\n<title>Our menu | Venetian cuisine | Agriturismo Vinile in Treviso, Italy<\/title>\n<meta name=\"description\" content=\"Our traditional Venetian cuisine has a touch of elegance, refinement, and creativity in it. Tasty, authentic, \u201czero-km\u201d local products can be enjoyed with local wines.\" \/>\n<meta name=\"robots\" content=\"index, follow, max-snippet:-1, max-image-preview:large, max-video-preview:-1\" \/>\n<link rel=\"canonical\" href=\"https:\/\/agriturismovinile.it\/en\/menu\/\" \/>\n<meta property=\"og:locale\" content=\"en_US\" \/>\n<meta property=\"og:type\" content=\"article\" \/>\n<meta property=\"og:title\" content=\"Our menu | Venetian cuisine | Agriturismo Vinile in Treviso, Italy\" \/>\n<meta property=\"og:description\" content=\"Our traditional Venetian cuisine has a touch of elegance, refinement, and creativity in it. Tasty, authentic, \u201czero-km\u201d local products can be enjoyed with local wines.\" \/>\n<meta property=\"og:url\" content=\"https:\/\/agriturismovinile.it\/en\/menu\/\" \/>\n<meta property=\"og:site_name\" content=\"Agriturismo Vinile\" \/>\n<meta property=\"article:modified_time\" content=\"2022-09-28T13:15:32+00:00\" \/>\n<meta property=\"og:image\" content=\"https:\/\/agriturismovinile.it\/wp-content\/uploads\/2022\/09\/Menu\u0300_Copertina.jpg\" \/>\n\t<meta property=\"og:image:width\" content=\"1920\" \/>\n\t<meta property=\"og:image:height\" content=\"1280\" \/>\n<meta name=\"twitter:card\" content=\"summary_large_image\" \/>\n<meta name=\"twitter:label1\" content=\"Est. reading time\" \/>\n\t<meta name=\"twitter:data1\" content=\"2 minutes\" \/>\n<script type=\"application\/ld+json\" class=\"yoast-schema-graph\">{\"@context\":\"https:\/\/schema.org\",\"@graph\":[{\"@type\":\"Organization\",\"@id\":\"https:\/\/agriturismovinile.it\/#organization\",\"name\":\"Vinile\",\"url\":\"https:\/\/agriturismovinile.it\/\",\"sameAs\":[],\"logo\":{\"@type\":\"ImageObject\",\"@id\":\"https:\/\/agriturismovinile.it\/#logo\",\"inLanguage\":\"en-US\",\"url\":\"http:\/\/agriturismovinile.it\/wp-content\/uploads\/2021\/06\/logo-vinile.svg\",\"contentUrl\":\"http:\/\/agriturismovinile.it\/wp-content\/uploads\/2021\/06\/logo-vinile.svg\",\"width\":266,\"height\":253,\"caption\":\"Vinile\"},\"image\":{\"@id\":\"https:\/\/agriturismovinile.it\/#logo\"}},{\"@type\":\"WebSite\",\"@id\":\"https:\/\/agriturismovinile.it\/#website\",\"url\":\"https:\/\/agriturismovinile.it\/\",\"name\":\"Agriturismo Vinile\",\"description\":\"Musica, vino e buon cibo\",\"publisher\":{\"@id\":\"https:\/\/agriturismovinile.it\/#organization\"},\"potentialAction\":[{\"@type\":\"SearchAction\",\"target\":\"https:\/\/agriturismovinile.it\/?s={search_term_string}\",\"query-input\":\"required name=search_term_string\"}],\"inLanguage\":\"en-US\"},{\"@type\":\"ImageObject\",\"@id\":\"https:\/\/agriturismovinile.it\/en\/menu\/#primaryimage\",\"inLanguage\":\"en-US\",\"url\":\"https:\/\/agriturismovinile.it\/wp-content\/uploads\/2022\/09\/Menu\\u0300_Copertina.jpg\",\"contentUrl\":\"https:\/\/agriturismovinile.it\/wp-content\/uploads\/2022\/09\/Menu\\u0300_Copertina.jpg\",\"width\":1920,\"height\":1280},{\"@type\":\"WebPage\",\"@id\":\"https:\/\/agriturismovinile.it\/en\/menu\/#webpage\",\"url\":\"https:\/\/agriturismovinile.it\/en\/menu\/\",\"name\":\"Our menu | Venetian cuisine | Agriturismo Vinile in Treviso, Italy\",\"isPartOf\":{\"@id\":\"https:\/\/agriturismovinile.it\/#website\"},\"primaryImageOfPage\":{\"@id\":\"https:\/\/agriturismovinile.it\/en\/menu\/#primaryimage\"},\"datePublished\":\"2021-06-11T05:49:12+00:00\",\"dateModified\":\"2022-09-28T13:15:32+00:00\",\"description\":\"Our traditional Venetian cuisine has a touch of elegance, refinement, and creativity in it. Tasty, authentic, \\u201czero-km\\u201d local products can be enjoyed with local wines.\",\"breadcrumb\":{\"@id\":\"https:\/\/agriturismovinile.it\/en\/menu\/#breadcrumb\"},\"inLanguage\":\"en-US\",\"potentialAction\":[{\"@type\":\"ReadAction\",\"target\":[\"https:\/\/agriturismovinile.it\/en\/menu\/\"]}]},{\"@type\":\"BreadcrumbList\",\"@id\":\"https:\/\/agriturismovinile.it\/en\/menu\/#breadcrumb\",\"itemListElement\":[{\"@type\":\"ListItem\",\"position\":1,\"item\":{\"@type\":\"WebPage\",\"@id\":\"https:\/\/agriturismovinile.it\/en\/\",\"url\":\"https:\/\/agriturismovinile.it\/en\/\",\"name\":\"Home\"}},{\"@type\":\"ListItem\",\"position\":2,\"item\":{\"@id\":\"https:\/\/agriturismovinile.it\/en\/menu\/#webpage\"}}]}]}<\/script>\n<!-- \/ Yoast SEO plugin. -->","_links":{"self":[{"href":"https:\/\/agriturismovinile.it\/en\/wp-json\/wp\/v2\/pages\/36"}],"collection":[{"href":"https:\/\/agriturismovinile.it\/en\/wp-json\/wp\/v2\/pages"}],"about":[{"href":"https:\/\/agriturismovinile.it\/en\/wp-json\/wp\/v2\/types\/page"}],"author":[{"embeddable":true,"href":"https:\/\/agriturismovinile.it\/en\/wp-json\/wp\/v2\/users\/1"}],"replies":[{"embeddable":true,"href":"https:\/\/agriturismovinile.it\/en\/wp-json\/wp\/v2\/comments?post=36"}],"version-history":[{"count":121,"href":"https:\/\/agriturismovinile.it\/en\/wp-json\/wp\/v2\/pages\/36\/revisions"}],"predecessor-version":[{"id":1311,"href":"https:\/\/agriturismovinile.it\/en\/wp-json\/wp\/v2\/pages\/36\/revisions\/1311"}],"wp:featuredmedia":[{"embeddable":true,"href":"https:\/\/agriturismovinile.it\/en\/wp-json\/wp\/v2\/media\/768"}],"wp:attachment":[{"href":"https:\/\/agriturismovinile.it\/en\/wp-json\/wp\/v2\/media?parent=36"}],"curies":[{"name":"wp","href":"https:\/\/api.w.org\/{rel}","templated":true}]}}